{"id":512,"date":"2023-12-01T18:09:46","date_gmt":"2023-12-01T17:09:46","guid":{"rendered":"https:\/\/artisticadelsol.es\/?page_id=512"},"modified":"2023-12-01T18:12:20","modified_gmt":"2023-12-01T17:12:20","slug":"la-academia","status":"publish","type":"page","link":"https:\/\/artisticadelsol.es\/?page_id=512","title":{"rendered":"La Academia"},"content":{"rendered":"<style>\/*! elementor - v3.17.0 - 08-11-2023 *\/\n.elementor-heading-title{padding:0;margin:0;line-height:1}.elementor-widget-heading .elementor-heading-title[class*=elementor-size-]>a{color:inherit;font-size:inherit;line-height:inherit}.elementor-widget-heading .elementor-heading-title.elementor-size-small{font-size:15px}.elementor-widget-heading .elementor-heading-title.elementor-size-medium{font-size:19px}.elementor-widget-heading .elementor-heading-title.elementor-size-large{font-size:29px}.elementor-widget-heading .elementor-heading-title.elementor-size-xl{font-size:39px}.elementor-widget-heading .elementor-heading-title.elementor-size-xxl{font-size:59px}<\/style>\n<h2>Art\u00edstica del Sol<\/h2>\n<p>EDUCACI\u00d3N Y ARTE<\/p>\n<p>Entre las diferentes t\u00e9cnicas utilizaremos: t\u00e9mperas, acuarelas, tintas, acr\u00edlicos, l\u00e1pices de colores, ceras blandas y duras, rotuladores (normales, de pincel, espec\u00edficos para materiales concretos, permanentes\u2026); bol\u00edgrafos de colores y especiales, grafitos de diferentes durezas, carboncillos, etc<\/p>\n","protected":false},"excerpt":{"rendered":"<p>Art\u00edstica del Sol EDUCACI\u00d3N Y ARTE Entre las diferentes t\u00e9cnicas utilizaremos: t\u00e9mperas, acuarelas, tintas, acr\u00edlicos, l\u00e1pices de colores, ceras blandas &hellip; <\/p>\n","protected":false},"author":1,"featured_media":0,"parent":0,"menu_order":0,"comment_status":"closed","ping_status":"closed","template":"","meta":{"footnotes":""},"class_list":["post-512","page","type-page","status-publish","hentry"],"_links":{"self":[{"href":"https:\/\/artisticadelsol.es\/index.php?rest_route=\/wp\/v2\/pages\/512","targetHints":{"allow":["GET"]}}],"collection":[{"href":"https:\/\/artisticadelsol.es\/index.php?rest_route=\/wp\/v2\/pages"}],"about":[{"href":"https:\/\/artisticadelsol.es\/index.php?rest_route=\/wp\/v2\/types\/page"}],"author":[{"embeddable":true,"href":"https:\/\/artisticadelsol.es\/index.php?rest_route=\/wp\/v2\/users\/1"}],"replies":[{"embeddable":true,"href":"https:\/\/artisticadelsol.es\/index.php?rest_route=%2Fwp%2Fv2%2Fcomments&post=512"}],"version-history":[{"count":4,"href":"https:\/\/artisticadelsol.es\/index.php?rest_route=\/wp\/v2\/pages\/512\/revisions"}],"predecessor-version":[{"id":516,"href":"https:\/\/artisticadelsol.es\/index.php?rest_route=\/wp\/v2\/pages\/512\/revisions\/516"}],"wp:attachment":[{"href":"https:\/\/artisticadelsol.es\/index.php?rest_route=%2Fwp%2Fv2%2Fmedia&parent=512"}],"curies":[{"name":"wp","href":"https:\/\/api.w.org\/{rel}","templated":true}]}}